{"id":12,"date":"2015-06-21T19:38:56","date_gmt":"2015-06-21T18:38:56","guid":{"rendered":"http:\/\/www.obec-jenikov.cz\/?page_id=12"},"modified":"2022-10-24T11:10:12","modified_gmt":"2022-10-24T10:10:12","slug":"zastupitelstvo-obce","status":"publish","type":"page","link":"https:\/\/www.obecjenikov.cz\/?page_id=12","title":{"rendered":"Zastupitelstvo obce"},"content":{"rendered":"<p>Zastupitelstvo obce &#8211; po\u010det \u010dlen\u016f 9<\/p>\n<ul>\n<li>zastupitel\u00e9:\n<ul>\n<li>Ing. Martin Br\u00e1zda<\/li>\n<li>\u010cern\u00fd Tom\u00e1\u0161<\/li>\n<li>Hladk\u00e1 Ludmila<\/li>\n<li>Hladk\u00fd Pavel<\/li>\n<li>Kaplanov\u00e1 Marcela<\/li>\n<li>Bc. Pa\u0159\u00edzek Pavel<\/li>\n<li>Pavl\u00ed\u010dkov\u00e1 Jana<\/li>\n<li>\u0158ezn\u00ed\u010dek Ji\u0159\u00ed<\/li>\n<li>\u0160torek Karel<\/li>\n<\/ul>\n<\/li>\n<\/ul>\n<ul>\n<li>starosta obce : Tom\u00e1\u0161 \u010cern\u00fd<\/li>\n<li>m\u00edstostarosta: Bc. Pavel Pa\u0159\u00edzek<\/li>\n<\/ul>\n<p>V\u00fdsledky voleb\u00a0 do zastupitelstva obce &#8211; <a href=\"https:\/\/www.volby.cz\/pls\/kv2022\/kv1111?xjazyk=CZ&amp;xid=1&amp;xdz=1&amp;xnumnuts=5301&amp;xobec=547816&amp;xokrsek=1&amp;xstat=0&amp;xvyber=0\">Volby 2022<\/a><\/p>\n","protected":false},"excerpt":{"rendered":"<p>Zastupitelstvo obce &#8211; po\u010det \u010dlen\u016f 9 zastupitel\u00e9: Ing. Martin Br\u00e1zda \u010cern\u00fd Tom\u00e1\u0161 Hladk\u00e1 Ludmila Hladk\u00fd Pavel Kaplanov\u00e1 Marcela Bc. Pa\u0159\u00edzek Pavel Pavl\u00ed\u010dkov\u00e1 Jana \u0158ezn\u00ed\u010dek Ji\u0159\u00ed \u0160torek Karel starosta obce :&#8230;<\/p>\n","protected":false},"author":1,"featured_media":0,"parent":0,"menu_order":0,"comment_status":"closed","ping_status":"closed","template":"","meta":{"jetpack_post_was_ever_published":false,"footnotes":""},"class_list":["post-12","page","type-page","status-publish","hentry","entry"],"jetpack_sharing_enabled":true,"jetpack_shortlink":"https:\/\/wp.me\/PaBo8P-c","jetpack-related-posts":[],"post_mailing_queue_ids":[],"_links":{"self":[{"href":"https:\/\/www.obecjenikov.cz\/index.php?rest_route=\/wp\/v2\/pages\/12","targetHints":{"allow":["GET"]}}],"collection":[{"href":"https:\/\/www.obecjenikov.cz\/index.php?rest_route=\/wp\/v2\/pages"}],"about":[{"href":"https:\/\/www.obecjenikov.cz\/index.php?rest_route=\/wp\/v2\/types\/page"}],"author":[{"embeddable":true,"href":"https:\/\/www.obecjenikov.cz\/index.php?rest_route=\/wp\/v2\/users\/1"}],"replies":[{"embeddable":true,"href":"https:\/\/www.obecjenikov.cz\/index.php?rest_route=%2Fwp%2Fv2%2Fcomments&post=12"}],"version-history":[{"count":11,"href":"https:\/\/www.obecjenikov.cz\/index.php?rest_route=\/wp\/v2\/pages\/12\/revisions"}],"predecessor-version":[{"id":5611,"href":"https:\/\/www.obecjenikov.cz\/index.php?rest_route=\/wp\/v2\/pages\/12\/revisions\/5611"}],"wp:attachment":[{"href":"https:\/\/www.obecjenikov.cz\/index.php?rest_route=%2Fwp%2Fv2%2Fmedia&parent=12"}],"curies":[{"name":"wp","href":"https:\/\/api.w.org\/{rel}","templated":true}]}}