{"id":2,"date":"2015-06-21T18:51:44","date_gmt":"2015-06-21T17:51:44","guid":{"rendered":"http:\/\/www.obec-jenikov.cz\/?page_id=2"},"modified":"2016-11-05T23:57:46","modified_gmt":"2016-11-05T21:57:46","slug":"prakticke","status":"publish","type":"page","link":"https:\/\/www.obecjenikov.cz\/?page_id=2","title":{"rendered":"Praktick\u00e9 informace"},"content":{"rendered":"<p><strong>Obecn\u00ed \u00fa\u0159ad zaji\u0161\u0165uje tyto spr\u00e1vn\u00ed \u00fakony:<\/strong><\/p>\n<ul>\n<li>\u00a0Evidence obyvatel &#8211; p\u0159ihl\u00e1\u0161en\u00ed a odhl\u00e1\u0161en\u00ed k trval\u00e9mu pobytu<\/li>\n<li>\u00a0Ov\u011b\u0159ov\u00e1n\u00ed dokument\u016f, podpis\u016f<\/li>\n<\/ul>\n<p>&nbsp;<\/p>\n<p><strong>M\u011bstsk\u00fd \u00fa\u0159ad Hlinsko zaji\u0161\u0165uje tyto spr\u00e1vn\u00ed \u00fakony:<\/strong><\/p>\n<ul>\n<li><strong>\u00a0<\/strong>Matri\u010dn\u00ed \u00fa\u0159ad<\/li>\n<li>\u00a0Vyd\u00e1v\u00e1n\u00ed osobn\u00edch doklad\u016f &#8211; ob\u010dansk\u00fd pr\u016fkaz, cestovn\u00ed pas, \u0159idi\u010dsk\u00fd pr\u016fkaz<\/li>\n<li>\u00a0Vyd\u00e1n\u00ed \u017eivnostensk\u00e9ho listu, registrace podnik\u00e1n\u00ed, registrace samostatni hospoda\u0159\u00edc\u00edho roln\u00edka<\/li>\n<li>\u00a0Stavebn\u00ed \u00fa\u0159ad, finan\u010dn\u00ed \u00fa\u0159ad, OSSZ<\/li>\n<\/ul>\n<p>&nbsp;<\/p>\n<p><strong>Organiza\u010dn\u00ed slo\u017eky:<\/strong><\/p>\n<ul>\n<li>Obecn\u00ed knihovna<\/li>\n<li>SDH Jen\u00edkov<\/li>\n<li>Lesn\u00ed hospod\u00e1\u0159stv\u00ed\u00a0Jen\u00edkov<\/li>\n<li>Vodn\u00ed hospod\u00e1\u0159stv\u00ed Jen\u00edkov<\/li>\n<\/ul>\n","protected":false},"excerpt":{"rendered":"<p>Obecn\u00ed \u00fa\u0159ad zaji\u0161\u0165uje tyto spr\u00e1vn\u00ed \u00fakony: \u00a0Evidence obyvatel &#8211; p\u0159ihl\u00e1\u0161en\u00ed a odhl\u00e1\u0161en\u00ed k trval\u00e9mu pobytu \u00a0Ov\u011b\u0159ov\u00e1n\u00ed dokument\u016f, podpis\u016f &nbsp; M\u011bstsk\u00fd \u00fa\u0159ad Hlinsko zaji\u0161\u0165uje tyto spr\u00e1vn\u00ed \u00fakony: \u00a0Matri\u010dn\u00ed \u00fa\u0159ad \u00a0Vyd\u00e1v\u00e1n\u00ed osobn\u00edch&#8230;<\/p>\n","protected":false},"author":1,"featured_media":0,"parent":0,"menu_order":0,"comment_status":"closed","ping_status":"closed","template":"","meta":{"jetpack_post_was_ever_published":false,"footnotes":""},"class_list":["post-2","page","type-page","status-publish","hentry","entry"],"jetpack_sharing_enabled":true,"jetpack_shortlink":"https:\/\/wp.me\/PaBo8P-2","jetpack-related-posts":[],"post_mailing_queue_ids":[],"_links":{"self":[{"href":"https:\/\/www.obecjenikov.cz\/index.php?rest_route=\/wp\/v2\/pages\/2","targetHints":{"allow":["GET"]}}],"collection":[{"href":"https:\/\/www.obecjenikov.cz\/index.php?rest_route=\/wp\/v2\/pages"}],"about":[{"href":"https:\/\/www.obecjenikov.cz\/index.php?rest_route=\/wp\/v2\/types\/page"}],"author":[{"embeddable":true,"href":"https:\/\/www.obecjenikov.cz\/index.php?rest_route=\/wp\/v2\/users\/1"}],"replies":[{"embeddable":true,"href":"https:\/\/www.obecjenikov.cz\/index.php?rest_route=%2Fwp%2Fv2%2Fcomments&post=2"}],"version-history":[{"count":3,"href":"https:\/\/www.obecjenikov.cz\/index.php?rest_route=\/wp\/v2\/pages\/2\/revisions"}],"predecessor-version":[{"id":303,"href":"https:\/\/www.obecjenikov.cz\/index.php?rest_route=\/wp\/v2\/pages\/2\/revisions\/303"}],"wp:attachment":[{"href":"https:\/\/www.obecjenikov.cz\/index.php?rest_route=%2Fwp%2Fv2%2Fmedia&parent=2"}],"curies":[{"name":"wp","href":"https:\/\/api.w.org\/{rel}","templated":true}]}}