{"id":37,"date":"2015-06-22T09:02:37","date_gmt":"2015-06-22T08:02:37","guid":{"rendered":"http:\/\/www.obec-jenikov.cz\/?page_id=37"},"modified":"2022-10-24T11:13:59","modified_gmt":"2022-10-24T10:13:59","slug":"vybory-obce","status":"publish","type":"page","link":"https:\/\/www.obecjenikov.cz\/?page_id=37","title":{"rendered":"V\u00fdbory obce"},"content":{"rendered":"<p>Finan\u010dn\u00ed v\u00fdbor:<\/p>\n<ul>\n<li>p\u0159edseda: Pavl\u00ed\u010dkov\u00e1 Jana<\/li>\n<li>\u010dlenov\u00e9: Hladk\u00e1 Ludmila, \u0160torek Karel<\/li>\n<\/ul>\n<p>Kontroln\u00ed v\u00fdbor:<\/p>\n<ul>\n<li>p\u0159edseda: Kaplanov\u00e1 Marcela<\/li>\n<li>\u010dlenov\u00e9: \u0158ezn\u00ed\u010dek Ji\u0159\u00ed, Ing. Br\u00e1zda Martin<\/li>\n<\/ul>\n","protected":false},"excerpt":{"rendered":"<p>Finan\u010dn\u00ed v\u00fdbor: p\u0159edseda: Pavl\u00ed\u010dkov\u00e1 Jana \u010dlenov\u00e9: Hladk\u00e1 Ludmila, \u0160torek Karel Kontroln\u00ed v\u00fdbor: p\u0159edseda: Kaplanov\u00e1 Marcela \u010dlenov\u00e9: \u0158ezn\u00ed\u010dek Ji\u0159\u00ed, Ing. Br\u00e1zda Martin<\/p>\n","protected":false},"author":1,"featured_media":0,"parent":0,"menu_order":0,"comment_status":"closed","ping_status":"closed","template":"","meta":{"jetpack_post_was_ever_published":false,"footnotes":""},"class_list":["post-37","page","type-page","status-publish","hentry","entry"],"jetpack_sharing_enabled":true,"jetpack_shortlink":"https:\/\/wp.me\/PaBo8P-B","jetpack-related-posts":[],"post_mailing_queue_ids":[],"_links":{"self":[{"href":"https:\/\/www.obecjenikov.cz\/index.php?rest_route=\/wp\/v2\/pages\/37","targetHints":{"allow":["GET"]}}],"collection":[{"href":"https:\/\/www.obecjenikov.cz\/index.php?rest_route=\/wp\/v2\/pages"}],"about":[{"href":"https:\/\/www.obecjenikov.cz\/index.php?rest_route=\/wp\/v2\/types\/page"}],"author":[{"embeddable":true,"href":"https:\/\/www.obecjenikov.cz\/index.php?rest_route=\/wp\/v2\/users\/1"}],"replies":[{"embeddable":true,"href":"https:\/\/www.obecjenikov.cz\/index.php?rest_route=%2Fwp%2Fv2%2Fcomments&post=37"}],"version-history":[{"count":6,"href":"https:\/\/www.obecjenikov.cz\/index.php?rest_route=\/wp\/v2\/pages\/37\/revisions"}],"predecessor-version":[{"id":5613,"href":"https:\/\/www.obecjenikov.cz\/index.php?rest_route=\/wp\/v2\/pages\/37\/revisions\/5613"}],"wp:attachment":[{"href":"https:\/\/www.obecjenikov.cz\/index.php?rest_route=%2Fwp%2Fv2%2Fmedia&parent=37"}],"curies":[{"name":"wp","href":"https:\/\/api.w.org\/{rel}","templated":true}]}}