{"id":40,"date":"2015-06-22T09:08:39","date_gmt":"2015-06-22T08:08:39","guid":{"rendered":"http:\/\/www.obec-jenikov.cz\/?page_id=40"},"modified":"2016-11-05T23:57:20","modified_gmt":"2016-11-05T21:57:20","slug":"czechpoint","status":"publish","type":"page","link":"https:\/\/www.obecjenikov.cz\/?page_id=40","title":{"rendered":"Czechpoint"},"content":{"rendered":"<p><strong>Co je Czech POINT<br \/>\n<\/strong>Czech POINT\u00a0 \u2013 pro v\u00fdpisy nemus\u00edte nikam jezdit<br \/>\nPro ob\u010dana to znamen\u00e1, \u017ee nemus\u00ed jezdit do\u00a0Chrudimi na Katastr\u00e1ln\u00ed \u00fa\u0159ad (nebo v p\u0159\u00edpad\u011b dal\u0161\u00edch rejst\u0159\u00edk\u016f \u017e\u00e1dat \u00fa\u0159ady, kter\u00e9 vedou p\u0159\u00edslu\u0161n\u00e9 evidence), aby zde z\u00edskal v\u00fdpis z rejst\u0159\u00edku, ale sta\u010d\u00ed mu p\u0159ij\u00edt na \u00fa\u0159ad,\u00a0 kde pot\u0159ebnou listinu dostane tak\u00e9. Nejv\u011bt\u0161\u00ed z\u00e1jem byl zat\u00edm o v\u00fdpisy z katastru nemovitost\u00ed, men\u0161\u00ed o v\u00fdpisy z obchodn\u00edho a \u017eivnostensk\u00e9ho rejst\u0159\u00edku.<\/p>\n<p>Ve v\u00fdhledu je postupn\u00e9 roz\u0161\u00ed\u0159en\u00ed slu\u017eeb syst\u00e9mu Czech POINT, jeho\u017e c\u00edlem je vytvo\u0159it pro ob\u010dany slu\u017ebu pro komunikaci se st\u00e1tem prost\u0159ednictv\u00edm jednoho univerz\u00e1ln\u00edho m\u00edsta, kde bude mo\u017en\u00e9 z\u00edskat a ov\u011b\u0159it data z ve\u0159ejn\u00fdch i neve\u0159ejn\u00fdch informa\u010dn\u00edch syst\u00e9m\u016f, \u00fa\u0159edn\u011b ov\u011b\u0159it dokumenty a listiny, p\u0159ev\u00e9st p\u00edsemn\u00e9 dokumenty do elektronick\u00e9 podoby a naopak, z\u00edskat informace o pr\u016fb\u011bhu spr\u00e1vn\u00edch \u0159\u00edzen\u00ed ve vztahu k ob\u010danovi a podat pod\u00e1n\u00ed pro zah\u00e1jen\u00ed \u0159\u00edzen\u00ed spr\u00e1vn\u00edch org\u00e1n\u016f. Jde tedy o maxim\u00e1ln\u00ed vyu\u017eit\u00ed \u00fadaj\u016f ve vlastnictv\u00ed st\u00e1tu tak, aby byly minimalizov\u00e1ny po\u017eadavky na ob\u010dany.<\/p>\n<p>Projekt Czech POINT by m\u011bl p\u0159in\u00e9st zna\u010dn\u00e9 uleh\u010den\u00ed komunikace se st\u00e1tem. V n\u011bkter\u00fdch situac\u00edch bude sta\u010dit doj\u00edt pouze na jeden \u00fa\u0159ad. V kone\u010dn\u00e9 f\u00e1zi projektu by ob\u010dan mohl sv\u00e9 z\u00e1le\u017eitosti vy\u0159izovat i z domova prost\u0159ednictv\u00edm internetu.<\/p>\n<p>&nbsp;<\/p>\n<hr \/>\n<p align=\"left\">\n<strong>Katastr nemovitost\u00ed<br \/>\n<\/strong>\u00a0Co pot\u0159ebujete: \u00dadaje o nemovitosti, k n\u00ed\u017e po\u017eadujete v\u00fdpis: katastr\u00e1ln\u00ed \u00fazem\u00ed, \u010d\u00edslo parcely nebo \u010d\u00edslo popisn\u00e9\/eviden\u010dn\u00ed<br \/>\nKolik\u00a0 zaplat\u00edte:\u00a0\u00a0100 K\u010d za prvn\u00ed str\u00e1nku v\u00fdpisu, 50 K\u010d za ka\u017edou dal\u0161\u00ed str\u00e1nku<br \/>\nKomu m\u016f\u017ee b\u00fdt vyd\u00e1n:\u00a0\u00a0Rejst\u0159\u00edk je ze z\u00e1kona ve\u0159ejn\u00fd, k vyd\u00e1n\u00ed sta\u010d\u00ed zaplatit spr\u00e1vn\u00ed poplatek<\/p>\n<p><strong>Obchodn\u00ed rejst\u0159\u00edk a \u017eivnostensk\u00fd rejst\u0159\u00edk<br \/>\n<\/strong>\u00a0Co pot\u0159ebujete:\u00a0\u00a0\u00a0I\u010cO organizace, k n\u00ed\u017e po\u017eadujete v\u00fdpis<br \/>\nKolik\u00a0 zaplat\u00edte:\u00a0\u00a0\u00a0100 K\u010d za prvn\u00ed str\u00e1nku v\u00fdpisu, 50 K\u010d za ka\u017edou dal\u0161\u00ed str\u00e1nku<br \/>\nKomu m\u016f\u017ee b\u00fdt vyd\u00e1n:\u00a0\u00a0\u00a0Rejst\u0159\u00edky jsou ze z\u00e1kona ve\u0159ejn\u00e9, k vyd\u00e1n\u00ed sta\u010d\u00ed zaplatit spr\u00e1vn\u00ed poplatek<\/p>\n<p><strong>Rejst\u0159\u00edk trest\u016f<br \/>\n<\/strong>\u00a0Co pot\u0159ebujete:\u00a0\u00a0Platn\u00fd doklad toto\u017enosti<br \/>\nKolik\u00a0 zaplat\u00edte:\u00a0\u00a050 K\u010d za ka\u017edou str\u00e1nku v\u00fdpisu<br \/>\nKomu m\u016f\u017ee b\u00fdt vyd\u00e1n:\u00a0\u00a0Rejst\u0159\u00edk trest\u016f je ze z\u00e1kona neve\u0159ejn\u00fd, v\u00fdpis bude vyd\u00e1n pouze \u017eadateli, kter\u00e9ho se v\u00fdpis t\u00fdk\u00e1 a kter\u00fd se prok\u00e1\u017ee platn\u00fdm dokladem toto\u017enosti a zaplat\u00ed spr\u00e1vn\u00ed poplatek<\/p>\n<p align=\"left\">\n","protected":false},"excerpt":{"rendered":"<p>Co je Czech POINT Czech POINT\u00a0 \u2013 pro v\u00fdpisy nemus\u00edte nikam jezdit Pro ob\u010dana to znamen\u00e1, \u017ee nemus\u00ed jezdit do\u00a0Chrudimi na Katastr\u00e1ln\u00ed \u00fa\u0159ad (nebo v p\u0159\u00edpad\u011b dal\u0161\u00edch rejst\u0159\u00edk\u016f \u017e\u00e1dat \u00fa\u0159ady,&#8230;<\/p>\n","protected":false},"author":1,"featured_media":0,"parent":0,"menu_order":0,"comment_status":"closed","ping_status":"closed","template":"","meta":{"jetpack_post_was_ever_published":false,"footnotes":""},"class_list":["post-40","page","type-page","status-publish","hentry","entry"],"jetpack_sharing_enabled":true,"jetpack_shortlink":"https:\/\/wp.me\/PaBo8P-E","jetpack-related-posts":[],"post_mailing_queue_ids":[],"_links":{"self":[{"href":"https:\/\/www.obecjenikov.cz\/index.php?rest_route=\/wp\/v2\/pages\/40","targetHints":{"allow":["GET"]}}],"collection":[{"href":"https:\/\/www.obecjenikov.cz\/index.php?rest_route=\/wp\/v2\/pages"}],"about":[{"href":"https:\/\/www.obecjenikov.cz\/index.php?rest_route=\/wp\/v2\/types\/page"}],"author":[{"embeddable":true,"href":"https:\/\/www.obecjenikov.cz\/index.php?rest_route=\/wp\/v2\/users\/1"}],"replies":[{"embeddable":true,"href":"https:\/\/www.obecjenikov.cz\/index.php?rest_route=%2Fwp%2Fv2%2Fcomments&post=40"}],"version-history":[{"count":3,"href":"https:\/\/www.obecjenikov.cz\/index.php?rest_route=\/wp\/v2\/pages\/40\/revisions"}],"predecessor-version":[{"id":293,"href":"https:\/\/www.obecjenikov.cz\/index.php?rest_route=\/wp\/v2\/pages\/40\/revisions\/293"}],"wp:attachment":[{"href":"https:\/\/www.obecjenikov.cz\/index.php?rest_route=%2Fwp%2Fv2%2Fmedia&parent=40"}],"curies":[{"name":"wp","href":"https:\/\/api.w.org\/{rel}","templated":true}]}}