{"id":727,"date":"2018-11-19T14:12:24","date_gmt":"2018-11-19T12:12:24","guid":{"rendered":"http:\/\/www.obec-jenikov.cz\/?page_id=727"},"modified":"2018-11-19T16:08:12","modified_gmt":"2018-11-19T14:08:12","slug":"zpracovani-osobnich-udaju-gdpr","status":"publish","type":"page","link":"https:\/\/www.obecjenikov.cz\/?page_id=727","title":{"rendered":"Zpracov\u00e1n\u00ed osobn\u00edch \u00fadaj\u016f (GDPR)"},"content":{"rendered":"<p>Informace o rozsahu a \u00fa\u010delu zpracov\u00e1n\u00ed osobn\u00edch \u00fadaj\u016f Obc\u00ed Jen\u00edkov, okr. Chrudim<\/p>\n<p><a href=\"http:\/\/www.obec-jenikov.cz\/wp-content\/uploads\/2018\/11\/podm\u00ednky-zpracov\u00e1n\u00ed-osobn\u00edch-\u00fadaj\u016f.pdf\">podm\u00ednky zpracov\u00e1n\u00ed osobn\u00edch \u00fadaj\u016f<\/a><\/p>\n<p><a href=\"http:\/\/www.obec-jenikov.cz\/wp-content\/uploads\/2018\/11\/\u017d\u00c1DOST-O-P\u0158\u00cdSTUP-K-OSOBN\u00cdM-\u00daDAJ\u016eM-obec-Jen\u00edkov.docx\">\u017d\u00c1DOST O P\u0158\u00cdSTUP K OSOBN\u00cdM \u00daDAJ\u016eM &#8211; obec Jen\u00edkov<\/a><\/p>\n","protected":false},"excerpt":{"rendered":"<p>Informace o rozsahu a \u00fa\u010delu zpracov\u00e1n\u00ed osobn\u00edch \u00fadaj\u016f Obc\u00ed Jen\u00edkov, okr. Chrudim podm\u00ednky zpracov\u00e1n\u00ed osobn\u00edch \u00fadaj\u016f \u017d\u00c1DOST O P\u0158\u00cdSTUP K OSOBN\u00cdM \u00daDAJ\u016eM &#8211; obec Jen\u00edkov<\/p>\n","protected":false},"author":2,"featured_media":0,"parent":0,"menu_order":1,"comment_status":"closed","ping_status":"closed","template":"","meta":{"jetpack_post_was_ever_published":false,"footnotes":""},"class_list":["post-727","page","type-page","status-publish","hentry","entry"],"jetpack_sharing_enabled":true,"jetpack_shortlink":"https:\/\/wp.me\/PaBo8P-bJ","jetpack-related-posts":[],"post_mailing_queue_ids":[],"_links":{"self":[{"href":"https:\/\/www.obecjenikov.cz\/index.php?rest_route=\/wp\/v2\/pages\/727","targetHints":{"allow":["GET"]}}],"collection":[{"href":"https:\/\/www.obecjenikov.cz\/index.php?rest_route=\/wp\/v2\/pages"}],"about":[{"href":"https:\/\/www.obecjenikov.cz\/index.php?rest_route=\/wp\/v2\/types\/page"}],"author":[{"embeddable":true,"href":"https:\/\/www.obecjenikov.cz\/index.php?rest_route=\/wp\/v2\/users\/2"}],"replies":[{"embeddable":true,"href":"https:\/\/www.obecjenikov.cz\/index.php?rest_route=%2Fwp%2Fv2%2Fcomments&post=727"}],"version-history":[{"count":2,"href":"https:\/\/www.obecjenikov.cz\/index.php?rest_route=\/wp\/v2\/pages\/727\/revisions"}],"predecessor-version":[{"id":733,"href":"https:\/\/www.obecjenikov.cz\/index.php?rest_route=\/wp\/v2\/pages\/727\/revisions\/733"}],"wp:attachment":[{"href":"https:\/\/www.obecjenikov.cz\/index.php?rest_route=%2Fwp%2Fv2%2Fmedia&parent=727"}],"curies":[{"name":"wp","href":"https:\/\/api.w.org\/{rel}","templated":true}]}}