{"id":8,"date":"2015-06-21T19:35:06","date_gmt":"2015-06-21T18:35:06","guid":{"rendered":"http:\/\/www.obec-jenikov.cz\/?page_id=8"},"modified":"2023-10-24T09:51:31","modified_gmt":"2023-10-24T08:51:31","slug":"obecni-urad","status":"publish","type":"page","link":"https:\/\/www.obecjenikov.cz\/?page_id=8","title":{"rendered":"Obecn\u00ed \u00fa\u0159ad"},"content":{"rendered":"<p><strong><img loading=\"lazy\" decoding=\"async\" data-attachment-id=\"2190\" data-permalink=\"https:\/\/www.obecjenikov.cz\/?attachment_id=2190\" data-orig-file=\"https:\/\/www.obecjenikov.cz\/wp-content\/uploads\/2020\/01\/obecn\u00ed-\u00fa\u0159ad.jpg\" data-orig-size=\"2344,1576\" data-comments-opened=\"0\" data-image-meta=\"{&quot;aperture&quot;:&quot;2.2&quot;,&quot;credit&quot;:&quot;&quot;,&quot;camera&quot;:&quot;Mi A2 Lite&quot;,&quot;caption&quot;:&quot;&quot;,&quot;created_timestamp&quot;:&quot;1578489592&quot;,&quot;copyright&quot;:&quot;&quot;,&quot;focal_length&quot;:&quot;3.82&quot;,&quot;iso&quot;:&quot;100&quot;,&quot;shutter_speed&quot;:&quot;0.0016474464579901&quot;,&quot;title&quot;:&quot;&quot;,&quot;orientation&quot;:&quot;1&quot;}\" data-image-title=\"obecn\u00ed \u00fa\u0159ad\" data-image-description=\"\" data-image-caption=\"\" data-medium-file=\"https:\/\/www.obecjenikov.cz\/wp-content\/uploads\/2020\/01\/obecn\u00ed-\u00fa\u0159ad-200x134.jpg\" data-large-file=\"https:\/\/www.obecjenikov.cz\/wp-content\/uploads\/2020\/01\/obecn\u00ed-\u00fa\u0159ad-1024x688.jpg\" class=\"wp-image-2190 size-medium alignright\" src=\"http:\/\/www.obec-jenikov.cz\/wp-content\/uploads\/2020\/01\/obecn\u00ed-\u00fa\u0159ad-200x134.jpg\" alt=\"\" width=\"200\" height=\"134\" srcset=\"https:\/\/www.obecjenikov.cz\/wp-content\/uploads\/2020\/01\/obecn\u00ed-\u00fa\u0159ad-200x134.jpg 200w, https:\/\/www.obecjenikov.cz\/wp-content\/uploads\/2020\/01\/obecn\u00ed-\u00fa\u0159ad-1024x688.jpg 1024w, https:\/\/www.obecjenikov.cz\/wp-content\/uploads\/2020\/01\/obecn\u00ed-\u00fa\u0159ad-768x516.jpg 768w, https:\/\/www.obecjenikov.cz\/wp-content\/uploads\/2020\/01\/obecn\u00ed-\u00fa\u0159ad-1536x1033.jpg 1536w, https:\/\/www.obecjenikov.cz\/wp-content\/uploads\/2020\/01\/obecn\u00ed-\u00fa\u0159ad-2048x1377.jpg 2048w, https:\/\/www.obecjenikov.cz\/wp-content\/uploads\/2020\/01\/obecn\u00ed-\u00fa\u0159ad-640x430.jpg 640w\" sizes=\"auto, (max-width: 200px) 100vw, 200px\" \/>Obecn\u00ed \u00da\u0159ad<\/strong><\/p>\n<p><span class=\"clanek\">Jen\u00edkov\u00a07<br \/>\n53901\u00a0Hlinsko<br \/>\nTel.: 469 318 102<\/span><\/p>\n<p><span class=\"clanek\">\u00da\u0159edn\u00ed hodiny:<\/span><\/p>\n<ul>\n<li>Po, \u00dat, \u010ct, P\u00e1\u00a0\u00a0\u00a0\u00a0 8:00 &#8211; 11:00<\/li>\n<li>St\u0159eda \u00a0\u00a0\u00a0\u00a0\u00a0\u00a0\u00a0\u00a0\u00a0\u00a0\u00a0\u00a0\u00a0\u00a0\u00a0\u00a0\u00a08:00 &#8211; 11:00,\u00a0 15:30 &#8211; 16:30<\/li>\n<\/ul>\n<p><span class=\"clanek\"><a href=\"http:\/\/www.obec-jenikov.cz\/?cat=13\">Elektronick\u00e1 \u00fa\u0159edn\u00ed deska<\/a><\/span><\/p>\n<p><span class=\"clanek\">Star\u00e1 elektronick\u00e1 \u00fa\u0159edn\u00ed deska\u00a0(do 17.1.2019) \u2013 <a href=\"http:\/\/jenikov.imunis.cz\/edeska\/\">http:\/\/jenikov.imunis.cz\/edeska\/<\/a><\/span><\/p>\n<p>ID datov\u00e9 schr\u00e1nky: dvma3fi<\/p>\n<p>Email \u2013 obec@obec-jenikov.cz<\/p>\n<p>I\u010cO: 00654744<\/p>\n<p>Bankovn\u00ed spojen\u00ed:<\/p>\n<ul>\n<li>1141602309\/0800<\/li>\n<\/ul>\n<p><strong>Kontaktn\u00ed osoby:<\/strong><\/p>\n<p>starosta\u00a0Tom\u00e1\u0161 \u010cern\u00fd<br \/>\nTel:\u00a0602 615 287<br \/>\nE-mail: starosta@obec-jenikov.cz<\/p>\n<p>\u00fa\u010detn\u00ed obce<br \/>\nTel:\u00a0469 318 102<br \/>\nE-mail: ucetni@obec-jenikov.cz<\/p>\n","protected":false},"excerpt":{"rendered":"<p>Obecn\u00ed \u00da\u0159ad Jen\u00edkov\u00a07 53901\u00a0Hlinsko Tel.: 469 318 102 \u00da\u0159edn\u00ed hodiny: Po, \u00dat, \u010ct, P\u00e1\u00a0\u00a0\u00a0\u00a0 8:00 &#8211; 11:00 St\u0159eda \u00a0\u00a0\u00a0\u00a0\u00a0\u00a0\u00a0\u00a0\u00a0\u00a0\u00a0\u00a0\u00a0\u00a0\u00a0\u00a0\u00a08:00 &#8211; 11:00,\u00a0 15:30 &#8211; 16:30 Elektronick\u00e1 \u00fa\u0159edn\u00ed deska Star\u00e1 elektronick\u00e1 \u00fa\u0159edn\u00ed&#8230;<\/p>\n","protected":false},"author":1,"featured_media":0,"parent":0,"menu_order":0,"comment_status":"closed","ping_status":"closed","template":"","meta":{"jetpack_post_was_ever_published":false,"footnotes":""},"class_list":["post-8","page","type-page","status-publish","hentry","entry"],"jetpack_sharing_enabled":true,"jetpack_shortlink":"https:\/\/wp.me\/PaBo8P-8","jetpack-related-posts":[],"post_mailing_queue_ids":[],"_links":{"self":[{"href":"https:\/\/www.obecjenikov.cz\/index.php?rest_route=\/wp\/v2\/pages\/8","targetHints":{"allow":["GET"]}}],"collection":[{"href":"https:\/\/www.obecjenikov.cz\/index.php?rest_route=\/wp\/v2\/pages"}],"about":[{"href":"https:\/\/www.obecjenikov.cz\/index.php?rest_route=\/wp\/v2\/types\/page"}],"author":[{"embeddable":true,"href":"https:\/\/www.obecjenikov.cz\/index.php?rest_route=\/wp\/v2\/users\/1"}],"replies":[{"embeddable":true,"href":"https:\/\/www.obecjenikov.cz\/index.php?rest_route=%2Fwp%2Fv2%2Fcomments&post=8"}],"version-history":[{"count":35,"href":"https:\/\/www.obecjenikov.cz\/index.php?rest_route=\/wp\/v2\/pages\/8\/revisions"}],"predecessor-version":[{"id":7643,"href":"https:\/\/www.obecjenikov.cz\/index.php?rest_route=\/wp\/v2\/pages\/8\/revisions\/7643"}],"wp:attachment":[{"href":"https:\/\/www.obecjenikov.cz\/index.php?rest_route=%2Fwp%2Fv2%2Fmedia&parent=8"}],"curies":[{"name":"wp","href":"https:\/\/api.w.org\/{rel}","templated":true}]}}